{"id":17,"date":"2023-09-07T15:52:22","date_gmt":"2023-09-07T13:52:22","guid":{"rendered":"https:\/\/www.partypass.de\/htdocs\/?page_id=17"},"modified":"2024-01-04T08:18:18","modified_gmt":"2024-01-04T07:18:18","slug":"eltern","status":"publish","type":"page","link":"https:\/\/www.partypass.de\/?page_id=17","title":{"rendered":"Eltern"},"content":{"rendered":"\n<p>Sie kennen das als Eltern: Das Jugendschutzgesetz w\u00e4re eine tolle Sache, wenn es denn eingehalten w\u00fcrde!<\/p>\n\n\n\n<p>Der PartyPass ist eine Hilfe daf\u00fcr: Er kann (kostenlos) von unserer Seite geladen und am PC ausgef\u00fcllt werden. Der PartyPass erm\u00f6glicht in Verbindung mit einem g\u00fcltigen Personalausweis den Einlass zu einer Veranstaltung. Der Vorteil ist der, dass der PartyPass an der Einlasskontrolle einbehalten werden darf &#8211; das darf man seit der \u00c4nderung des Bundespersonalausweisgesetzes mit dem Perso nicht mehr. Der Veranstalter wei\u00df also mit Hilfe des PartyPass ganz genau, welche Jugendlichen zu welcher Zeit noch im Veranstaltungsraum sind. Falls notwendig k\u00f6nnen &#8222;\u00fcberf\u00e4llige&#8220; Jugendliche sogar namentlich zum Verlassen der Veranstaltung aufgefordert werden, wenn die Zeitgrenzen \u00fcberschritten werden (meistens reicht die Androhung dieser Ma\u00dfnahme).<\/p>\n\n\n\n<p>F\u00fcr Sie als Eltern hat dies den Vorteil, dass Sie relativ sicher sein k\u00f6nnen, dass bei Veranstaltungen mit PartyPass ein wirkungsvolles Mittel zur Einhaltung der Zeitgrenzen des Jugendschutzgesetztes verwendet wird.<\/p>\n\n\n\n<p><strong>Wir bitten Sie deshalb, ihre Kinder bei der Ausstellung des PartyPasses zu unterst\u00fctzen!<\/strong><\/p>\n\n\n\n<p>Allerdings ist der PartyPass nicht mit einem Freibrief zu verwechseln. Bitte nehmen Sie ihre Verantwortung als Eltern wahr und achten Sie darauf, was ihr Kind macht, wo es hin geht, wann es zur\u00fcck kommt. Wenn ein PartyPass nach dem Fest liegen bleibt wird der Veranstalter diese zum \u00f6rtlichen B\u00fcrgermeisteramt\/Rathaus bringen, dieses wiederum wird die Eltern anschreiben und darauf aufmerksam machen, dass der Verdacht eines Versto\u00dfes gegen das Jugendschutzgesetz vorliegt oder es kann zu einem Gespr\u00e4ch einladen. Au\u00dferdem k\u00f6nnen Geb\u00fchren entstehen.<\/p>\n\n\n\n<p><strong>Achten Sie also als Eltern auch darauf, dass ihr Kind die Veranstaltung auch rechtzeitig wieder verl\u00e4\u00dft bzw. holen sie es zu einer vereinbarten Zeit ab!<\/strong><\/p>\n","protected":false},"excerpt":{"rendered":"<p>Sie kennen das als Eltern: Das Jugendschutzgesetz w\u00e4re eine tolle Sache, wenn es denn eingehalten w\u00fcrde! Der PartyPass ist eine Hilfe daf\u00fcr: Er kann (kostenlos) von unserer Seite geladen und am PC ausgef\u00fcllt werden. Der PartyPass erm\u00f6glicht in Verbindung mit einem g\u00fcltigen Personalausweis den Einlass zu einer Veranstaltung. Der Vorteil ist der, dass der PartyPass [&hellip;]<\/p>\n","protected":false},"author":2,"featured_media":0,"parent":0,"menu_order":0,"comment_status":"closed","ping_status":"closed","template":"","meta":{"footnotes":""},"class_list":["post-17","page","type-page","status-publish","hentry"],"_links":{"self":[{"href":"https:\/\/www.partypass.de\/index.php?rest_route=\/wp\/v2\/pages\/17","targetHints":{"allow":["GET"]}}],"collection":[{"href":"https:\/\/www.partypass.de\/index.php?rest_route=\/wp\/v2\/pages"}],"about":[{"href":"https:\/\/www.partypass.de\/index.php?rest_route=\/wp\/v2\/types\/page"}],"author":[{"embeddable":true,"href":"https:\/\/www.partypass.de\/index.php?rest_route=\/wp\/v2\/users\/2"}],"replies":[{"embeddable":true,"href":"https:\/\/www.partypass.de\/index.php?rest_route=%2Fwp%2Fv2%2Fcomments&post=17"}],"version-history":[{"count":1,"href":"https:\/\/www.partypass.de\/index.php?rest_route=\/wp\/v2\/pages\/17\/revisions"}],"predecessor-version":[{"id":18,"href":"https:\/\/www.partypass.de\/index.php?rest_route=\/wp\/v2\/pages\/17\/revisions\/18"}],"wp:attachment":[{"href":"https:\/\/www.partypass.de\/index.php?rest_route=%2Fwp%2Fv2%2Fmedia&parent=17"}],"curies":[{"name":"wp","href":"https:\/\/api.w.org\/{rel}","templated":true}]}}