{"id":21,"date":"2023-09-07T15:58:26","date_gmt":"2023-09-07T13:58:26","guid":{"rendered":"https:\/\/www.partypass.de\/htdocs\/?page_id=21"},"modified":"2024-01-12T14:28:52","modified_gmt":"2024-01-12T13:28:52","slug":"veranstalter","status":"publish","type":"page","link":"https:\/\/www.partypass.de\/?page_id=21","title":{"rendered":"Veranstalter"},"content":{"rendered":"\n<p>Seit G\u00fcltigkeit des neuen Personalausweisgesetzes Ende 2010 haben Sie das Problem, dass Sie die etablierte Vorgehensweise, bei der Eingangskontrolle Ihrer Veranstaltung den Personalausweises von Minderj\u00e4hrigen Besuchern einzubehalten, nicht mehr durchf\u00fchren k\u00f6nnen. F\u00fcr alle Fachleute aus Jugendschutz, Polizei, Security und Veranstaltungsmanagement ein echtes \u00c4rgernis!<\/p>\n\n\n\n<p>Wir haben zusammen mit vielen Fachleuten und Praktikern L\u00f6sungen erarbeitet und ausprobiert. Wirklich Erfolg versprechend ist vor allem Eine:<\/p>\n\n\n\n<p>Der PartyPass!<\/p>\n\n\n\n<p>Ihn k\u00f6nnen Sie problemlos einbehalten und Sie haben wieder den \u00dcberblick \u00fcber die Anwesenheit von Minderj\u00e4hrigen bei Ihrer Veranstaltung. Das entbindet Sie nicht davon, die Jugendschutzbestimmungen zu \u00fcberwachen und darf nicht das einzige Mittel zur Umsetzung des JuSchG sein, aber es ist ein hilfreiches &#8222;Werkzeug&#8220;. Eine Alterskennzeichnung mit farbigen Armb\u00e4ndern, eine ausf\u00fchrliche Einf\u00fchrung f\u00fcr die MitarbeiterInnen beim Fest, Absprachen mit der Polizei im Vorfeld, klare Vertr\u00e4ge mit den Security-Unternehmen etc. geh\u00f6ren u.E. auf jeden Fall auch dazu.<\/p>\n\n\n\n<h3 class=\"wp-block-heading pt__8 pb__6\">Was Sie beachten m\u00fcssen<\/h3>\n\n\n\n<ul class=\"wp-block-list\">\n<li>Weisen Sie in Ihrer Werbung darauf hin, dass Sie den PartyPass f\u00fcr ihre Veranstaltung verlangen.<\/li>\n\n\n\n<li>Weisen Sie ebenfalls darauf hin, dass der PartyPass <strong>UND<\/strong> der Personalausweis mitzubringen sind &#8211; damit Sie die Daten an der Eingangskontrolle mit dem Personalausweis vergleichen k\u00f6nnen.<\/li>\n\n\n\n<li>Der PartyPass kann von jedem als pdf-Formular heruntergeladen und ausgef\u00fcllt werden. Es gibt zun\u00e4chst keine Kontrolle, ob die Daten auch korrekt eingetragen sind. Daf\u00fcr sind Sie an der Eingangskontrolle der jeweiligen Veranstaltung zust\u00e4ndig.<\/li>\n\n\n\n<li>Wir haben die AGBs so angelegt, dass Sie an Ihrer Einlasskontrolle berechtigt sind, falsch ausgef\u00fcllte PartyP\u00e4sse einzubehalten bzw. gleich zu vernichten. Tun Sie das <strong>NICHT<\/strong>, dann \u00f6ffenen Sie dem Betrug T\u00fcr und Tor! Wir bitten Sie also darum, die Daten peinlich genau zu vergleichen und entsprechend konsequent zu handeln.<\/li>\n\n\n\n<li>In den AGBs haben wir au\u00dferdem darauf hingewiesen, dass bei einem falsch ausgef\u00fcllten PartyPass eine Verweigerung des Eintritts erfolgt. Das klingt sehr drastisch, wird aber die Wertigkeit des PartyPass und die Motivation, die Daten richtig einzutragen, steigern. Nur wenn alle Einlasskontrollen das konsequent handhaben, wird sich das bei den Jugendlichen schnell herumsprechen und ein Missbrauch wird minimiert.<\/li>\n\n\n\n<li>In vielen Landkreisen des &#8222;Netzwerk Neue Festkultur&#8220; gibt es die Vereinbarung zwischen Veranstaltern und Stadt- und Gemeindeverwaltungen, dass <strong>die nicht vor 0:30 Uhr abgeholte Ausweise an die B\u00fcrgermeister\u00e4mter<\/strong> weitergegeben werden. Die B\u00fcrgermeister\u00e4mter informieren dann die Eltern. Teilweise erheben die Ordnungs\u00e4mter eine Geb\u00fchr und\/oder laden die Eltern zu einem Gespr\u00e4ch ein. Informieren Sie sich in Ihrem Landkreis bzw. bei Ihrer Stadt oder Gemeinde, ob eine solche Vereinbarung besteht. Diese Ma\u00dfnahme zeigt eine sp\u00fcrbare Konsequenz f\u00fcr diejenigen Jugendlichen auf, die die Spielregeln umgehen wollen und bindet die Eltern in die Verantwortung zur Umsetzung der gesetzlichen Regelungen mit ein.<\/li>\n\n\n\n<li>Eines der gr\u00f6\u00dften Probleme f\u00fcr Veranstalter ist, dass die R\u00fcckgabe des PartyPass am Ende der Zeitgrenze oftmals zu gro\u00dfen Wartezeiten oder gar zu chaotischen Verh\u00e4ltnissen f\u00fchrt. Abhilfe schaffen eventuell die Hinweise f\u00fcr Veranstalter.<\/li>\n\n\n\n<li>Sollten Sie den PartyPass an Ihrer Eingangskontrolle zum &#8222;von Hand ausf\u00fcllen&#8220; bereitlegen (was f\u00fcr eine \u00dcbergangszeit in Ordnung ist), dann k\u00f6nnen Sie ein Formular mit 4 PartyP\u00e4ssen herunterladen. Oder Sie verwenden das Formular zum Ausdruck mit R\u00dcCKSEITE, dieses am Besten gleich auf dickeren Karton ausdrucken. Bitte achten Sie darauf, dass die PartyP\u00e4sse LESERLICH von Hand ausgef\u00fcllt werden und scheuen Sie sich nicht, auch mal einen 2. Pass ausf\u00fcllen zu lassen. Eine R\u00fcckgabe (auch \u00fcber das B\u00fcrgermeisteramt) ist sonst nicht m\u00f6glich. Bitte geben Sie &#8222;von Hand&#8220; ausgef\u00fcllte PartyP\u00e4sse ohne Bild NICHT mehr zur\u00fcck, sondern vernichten Sie diese, wenn die Jugendlichen die Veranstaltung verlassen mit dem Hinweis, sich zuhause einen PartyPass mit Bild auszudrucken!<\/li>\n\n\n\n<li>Wenn Sie von der Idee des PartyPass \u00fcberzeugt sind, dann helfen Sie uns, ihn weiter zu verbreiten und f\u00fcr ihn zu werben!<\/li>\n<\/ul>\n","protected":false},"excerpt":{"rendered":"<p>Seit G\u00fcltigkeit des neuen Personalausweisgesetzes Ende 2010 haben Sie das Problem, dass Sie die etablierte Vorgehensweise, bei der Eingangskontrolle Ihrer Veranstaltung den Personalausweises von Minderj\u00e4hrigen Besuchern einzubehalten, nicht mehr durchf\u00fchren k\u00f6nnen. F\u00fcr alle Fachleute aus Jugendschutz, Polizei, Security und Veranstaltungsmanagement ein echtes \u00c4rgernis! Wir haben zusammen mit vielen Fachleuten und Praktikern L\u00f6sungen erarbeitet und ausprobiert. [&hellip;]<\/p>\n","protected":false},"author":2,"featured_media":0,"parent":0,"menu_order":0,"comment_status":"closed","ping_status":"closed","template":"","meta":{"footnotes":""},"class_list":["post-21","page","type-page","status-publish","hentry"],"_links":{"self":[{"href":"https:\/\/www.partypass.de\/index.php?rest_route=\/wp\/v2\/pages\/21","targetHints":{"allow":["GET"]}}],"collection":[{"href":"https:\/\/www.partypass.de\/index.php?rest_route=\/wp\/v2\/pages"}],"about":[{"href":"https:\/\/www.partypass.de\/index.php?rest_route=\/wp\/v2\/types\/page"}],"author":[{"embeddable":true,"href":"https:\/\/www.partypass.de\/index.php?rest_route=\/wp\/v2\/users\/2"}],"replies":[{"embeddable":true,"href":"https:\/\/www.partypass.de\/index.php?rest_route=%2Fwp%2Fv2%2Fcomments&post=21"}],"version-history":[{"count":2,"href":"https:\/\/www.partypass.de\/index.php?rest_route=\/wp\/v2\/pages\/21\/revisions"}],"predecessor-version":[{"id":328,"href":"https:\/\/www.partypass.de\/index.php?rest_route=\/wp\/v2\/pages\/21\/revisions\/328"}],"wp:attachment":[{"href":"https:\/\/www.partypass.de\/index.php?rest_route=%2Fwp%2Fv2%2Fmedia&parent=21"}],"curies":[{"name":"wp","href":"https:\/\/api.w.org\/{rel}","templated":true}]}}