{"id":431,"date":"2024-01-12T15:32:18","date_gmt":"2024-01-12T14:32:18","guid":{"rendered":"https:\/\/www.partypass.de\/?page_id=431"},"modified":"2025-01-17T11:06:11","modified_gmt":"2025-01-17T10:06:11","slug":"uebrige-landkreise","status":"publish","type":"page","link":"https:\/\/www.partypass.de\/?page_id=431","title":{"rendered":"\u00dcbrige Landkreise"},"content":{"rendered":"\n<p class=\"pb__6\">Der PartyPass mit Anleitung f\u00fcr die \u00fcbrigen Landkreise. Ben\u00fctze diesen PartyPass, wenn Dein Landkreis nicht in der Downloadliste auftaucht, Du aber zu einer Party gehen willst, bei der der PartyPass verlangt wird.<\/p>\n\n\n<ul class=\"dlm-downloads\"><li><aside\n\tclass=\"download-box\">\n\n\t<img loading=\"lazy\" decoding=\"async\" width=\"300\" height=\"300\" src=\"https:\/\/www.partypass.de\/wp-content\/uploads\/2024\/01\/logo-partypass-quadratisch-weiss-300x300-1.png\" class=\"attachment-full size-full wp-post-image\" alt=\"\" \/>\n\t<div\n\t\tclass=\"download-count\">42567 Downloads<\/div>\n\n\t<div\n\t\tclass=\"download-box-content\">\n\n\t\t<h1>\u00dcbrige Landkreise<\/h1>\n\n\t\t<p>Der PartyPass mit Anleitung f\u00fcr die \u00fcbrigen Landkreise.<\/p>\n\t\t\t\t<a  data-e-Disable-Page-Transition=\"true\" class=\"download-link download-button\" title=\"\" href=\"https:\/\/www.partypass.de?download=433&amp;tmstv=1777745665\" rel=\"nofollow\" id=\"download-link-433\" data-redirect=\"false\" >\n\t\t\tDatei herunterladen\t\t\t<small>pp-uebrige-landkreise.pdf\t\t\t\t&ndash; 473,15 KB<\/small>\n\t\t<\/a>\n\t\t\t<\/div>\n<\/aside>\n\n\n<\/li><\/ul>\n\t\t\t\t\n\n\n\n<h2 class=\"wp-block-heading pt__7\">Hinweis f\u00fcr Veranstalter<\/h2>\n\n\n\n<p>Wenn Ihr Heimatlandkreis hier nicht vertreten ist, dann sollten Sie sich mit den \u00f6rtlichen Verantwortlichen f\u00fcr den Jugendschutz (Jugendamt, Polizei, Stadtverwaltung etc.) in Verbindung setzen, damit der PartyPass auch bei Ihnen Standard werden kann. Es ist keine Kostenfrage, beim PartyPass mitzumachen, aber es m\u00fcssen einige Absprachen zwischen den Beh\u00f6rden getroffen werden.<\/p>\n","protected":false},"excerpt":{"rendered":"<p>Der PartyPass mit Anleitung f\u00fcr die \u00fcbrigen Landkreise. Ben\u00fctze diesen PartyPass, wenn Dein Landkreis nicht in der Downloadliste auftaucht, Du aber zu einer Party gehen willst, bei der der PartyPass verlangt wird. Hinweis f\u00fcr Veranstalter Wenn Ihr Heimatlandkreis hier nicht vertreten ist, dann sollten Sie sich mit den \u00f6rtlichen Verantwortlichen f\u00fcr den Jugendschutz (Jugendamt, Polizei, [&hellip;]<\/p>\n","protected":false},"author":2,"featured_media":0,"parent":72,"menu_order":0,"comment_status":"closed","ping_status":"closed","template":"wp-custom-template-download-bersicht","meta":{"footnotes":""},"class_list":["post-431","page","type-page","status-publish","hentry"],"_links":{"self":[{"href":"https:\/\/www.partypass.de\/index.php?rest_route=\/wp\/v2\/pages\/431","targetHints":{"allow":["GET"]}}],"collection":[{"href":"https:\/\/www.partypass.de\/index.php?rest_route=\/wp\/v2\/pages"}],"about":[{"href":"https:\/\/www.partypass.de\/index.php?rest_route=\/wp\/v2\/types\/page"}],"author":[{"embeddable":true,"href":"https:\/\/www.partypass.de\/index.php?rest_route=\/wp\/v2\/users\/2"}],"replies":[{"embeddable":true,"href":"https:\/\/www.partypass.de\/index.php?rest_route=%2Fwp%2Fv2%2Fcomments&post=431"}],"version-history":[{"count":5,"href":"https:\/\/www.partypass.de\/index.php?rest_route=\/wp\/v2\/pages\/431\/revisions"}],"predecessor-version":[{"id":488,"href":"https:\/\/www.partypass.de\/index.php?rest_route=\/wp\/v2\/pages\/431\/revisions\/488"}],"up":[{"embeddable":true,"href":"https:\/\/www.partypass.de\/index.php?rest_route=\/wp\/v2\/pages\/72"}],"wp:attachment":[{"href":"https:\/\/www.partypass.de\/index.php?rest_route=%2Fwp%2Fv2%2Fmedia&parent=431"}],"curies":[{"name":"wp","href":"https:\/\/api.w.org\/{rel}","templated":true}]}}