{"id":438,"date":"2024-01-12T15:37:32","date_gmt":"2024-01-12T14:37:32","guid":{"rendered":"https:\/\/www.partypass.de\/?page_id=438"},"modified":"2025-01-17T11:05:47","modified_gmt":"2025-01-17T10:05:47","slug":"hamburg-schleswig-holstein","status":"publish","type":"page","link":"https:\/\/www.partypass.de\/?page_id=438","title":{"rendered":"Hamburg &#038; Schleswig-Holstein"},"content":{"rendered":"<ul class=\"dlm-downloads\"><li><aside\n\tclass=\"download-box\">\n\n\t<img loading=\"lazy\" decoding=\"async\" width=\"200\" height=\"112\" src=\"https:\/\/www.partypass.de\/wp-content\/uploads\/2024\/01\/wappen-bundesland-hamburg-schleswig-holstein.jpg\" class=\"attachment-full size-full wp-post-image\" alt=\"\" \/>\n\t<div\n\t\tclass=\"download-count\">1429 Downloads<\/div>\n\n\t<div\n\t\tclass=\"download-box-content\">\n\n\t\t<h1>Hamburg &amp; Schleswig-Holstein<\/h1>\n\n\t\t<p>Das ist ein \"Prototyp\" f\u00fcr den PartyPass f\u00fcr die Bundesl\u00e4nder Hamburg und Schleswig-Holstein. Das R\u00fcckgabeverfahren ist nicht mit den dortigen Beh\u00f6rden abgekl\u00e4rt.<\/p>\n\t\t\t\t<a  data-e-Disable-Page-Transition=\"true\" class=\"download-link download-button\" title=\"\" href=\"https:\/\/www.partypass.de?download=427&amp;tmstv=1777719992\" rel=\"nofollow\" id=\"download-link-427\" data-redirect=\"false\" >\n\t\t\tDatei herunterladen\t\t\t<small>partypass-hh-sh.pdf\t\t\t\t&ndash; 375,98 KB<\/small>\n\t\t<\/a>\n\t\t\t<\/div>\n<\/aside>\n\n\n<\/li><\/ul>\n\t\t\t\t\n","protected":false},"excerpt":{"rendered":"","protected":false},"author":2,"featured_media":0,"parent":72,"menu_order":0,"comment_status":"closed","ping_status":"closed","template":"wp-custom-template-download-bersicht","meta":{"footnotes":""},"class_list":["post-438","page","type-page","status-publish","hentry"],"_links":{"self":[{"href":"https:\/\/www.partypass.de\/index.php?rest_route=\/wp\/v2\/pages\/438","targetHints":{"allow":["GET"]}}],"collection":[{"href":"https:\/\/www.partypass.de\/index.php?rest_route=\/wp\/v2\/pages"}],"about":[{"href":"https:\/\/www.partypass.de\/index.php?rest_route=\/wp\/v2\/types\/page"}],"author":[{"embeddable":true,"href":"https:\/\/www.partypass.de\/index.php?rest_route=\/wp\/v2\/users\/2"}],"replies":[{"embeddable":true,"href":"https:\/\/www.partypass.de\/index.php?rest_route=%2Fwp%2Fv2%2Fcomments&post=438"}],"version-history":[{"count":3,"href":"https:\/\/www.partypass.de\/index.php?rest_route=\/wp\/v2\/pages\/438\/revisions"}],"predecessor-version":[{"id":486,"href":"https:\/\/www.partypass.de\/index.php?rest_route=\/wp\/v2\/pages\/438\/revisions\/486"}],"up":[{"embeddable":true,"href":"https:\/\/www.partypass.de\/index.php?rest_route=\/wp\/v2\/pages\/72"}],"wp:attachment":[{"href":"https:\/\/www.partypass.de\/index.php?rest_route=%2Fwp%2Fv2%2Fmedia&parent=438"}],"curies":[{"name":"wp","href":"https:\/\/api.w.org\/{rel}","templated":true}]}}