{"id":57,"date":"2023-09-12T16:08:01","date_gmt":"2023-09-12T14:08:01","guid":{"rendered":"https:\/\/www.partypass.de\/htdocs\/?page_id=57"},"modified":"2024-01-12T16:12:00","modified_gmt":"2024-01-12T15:12:00","slug":"faq","status":"publish","type":"page","link":"https:\/\/www.partypass.de\/?page_id=57","title":{"rendered":"FAQ"},"content":{"rendered":"\n<div class=\"wp-block-query is-layout-flow wp-block-query-is-layout-flow\"><ul class=\"wp-block-post-template is-layout-flow wp-block-post-template-is-layout-flow\"><li class=\"wp-block-post post-316 post type-post status-publish format-standard hentry category-faq\">\n<h2 class=\"wp-block-post-title\">PartyPass und &#8222;Erziehungsbeauftragte Person&#8220;<\/h2>\n\n<div class=\"wp-block-post-excerpt\"><p class=\"wp-block-post-excerpt__excerpt\">Welche Auswirkung hat der PartyPass auf die &#8222;Erziehungsbeauftragte Person&#8220;, also eine Begleitperson? Darf man auch mit PartyPass und einer Begleitperson l\u00e4nger auf dem Fest bleiben? Grunds\u00e4tzlich haben PartyPass und &#8222;Erziehungsbeauftragte Person&#8220; nichts miteinander zu tun. Es steht im Ermessen des Veranstalters (Hausrecht) ob er bei seiner Veranstaltung die &#8222;Erziehungsbeauftragte Person&#8220; anerkennt oder nicht. Viele Veranstalter<\/p><p class=\"wp-block-post-excerpt__more-text\"><a class=\"wp-block-post-excerpt__more-link\" href=\"https:\/\/www.partypass.de\/?p=316\"><br>Weiterlesen&#8230;<\/a><\/p><\/div>\n<\/li><li class=\"wp-block-post post-314 post type-post status-publish format-standard hentry category-faq\">\n<h2 class=\"wp-block-post-title\">Welchen PartyPass lade ich herunter?<\/h2>\n\n<div class=\"wp-block-post-excerpt\"><p class=\"wp-block-post-excerpt__excerpt\">Immer wieder taucht die Frage auf, ob ich als Festbesucher, der ein Fest in einem anderen, als meinem Heimat-Landkreis besuchen will, einen PartyPass des dortigen Landkreises ben\u00f6tige. Antwort: Nein. Jugendliche laden sich nur einen PartyPass und zwar den des Heimat-Landkreises herunter. Das gen\u00fcgt!<\/p><p class=\"wp-block-post-excerpt__more-text\"><a class=\"wp-block-post-excerpt__more-link\" href=\"https:\/\/www.partypass.de\/?p=314\"><br>Weiterlesen&#8230;<\/a><\/p><\/div>\n<\/li><li class=\"wp-block-post post-45 post type-post status-publish format-standard hentry category-faq\">\n<h2 class=\"wp-block-post-title\">Was ist der PartyPass?<\/h2>\n\n<div class=\"wp-block-post-excerpt\"><p class=\"wp-block-post-excerpt__excerpt\">Der PartyPass ist eine gute M\u00f6glichkeit f\u00fcr minderj\u00e4hrige (unter 18) Festbesucher, bei Festen eingelassen zu werden. Jeder Veranstalter, der Wert auf Jugendschutz legt, hatte fr\u00fcher die M\u00f6glichkeit, den Personalausweis einzubehalten, um einen \u00dcberblick \u00fcber die anwesenden Jugendlichen zu haben. Das geht seit Oktober 2010 nicht mehr, als das Personalausweisgesetz ge\u00e4ndert wurde. Nun besteht mit dem<\/p><p class=\"wp-block-post-excerpt__more-text\"><a class=\"wp-block-post-excerpt__more-link\" href=\"https:\/\/www.partypass.de\/?p=45\"><br>Weiterlesen&#8230;<\/a><\/p><\/div>\n<\/li><\/ul>\n\n<nav class=\"wp-block-query-pagination is-layout-flex wp-block-query-pagination-is-layout-flex\" aria-label=\"Seitennummerierung\">\n\n\n<div class=\"wp-block-query-pagination-numbers\"><span aria-current=\"page\" class=\"page-numbers current\">1<\/span>\n<a class=\"page-numbers\" href=\"?query-0-page=2&#038;rest_route=%2Fwp%2Fv2%2Fpages%2F57\">2<\/a><\/div>\n\n<a href=\"\/index.php?rest_route=%2Fwp%2Fv2%2Fpages%2F57&#038;query-0-page=2\" class=\"wp-block-query-pagination-next\">N\u00e4chste Seite<\/a>\n<\/nav>\n\n<\/div>\n","protected":false},"excerpt":{"rendered":"","protected":false},"author":2,"featured_media":0,"parent":0,"menu_order":0,"comment_status":"closed","ping_status":"closed","template":"","meta":{"footnotes":""},"class_list":["post-57","page","type-page","status-publish","hentry"],"_links":{"self":[{"href":"https:\/\/www.partypass.de\/index.php?rest_route=\/wp\/v2\/pages\/57","targetHints":{"allow":["GET"]}}],"collection":[{"href":"https:\/\/www.partypass.de\/index.php?rest_route=\/wp\/v2\/pages"}],"about":[{"href":"https:\/\/www.partypass.de\/index.php?rest_route=\/wp\/v2\/types\/page"}],"author":[{"embeddable":true,"href":"https:\/\/www.partypass.de\/index.php?rest_route=\/wp\/v2\/users\/2"}],"replies":[{"embeddable":true,"href":"https:\/\/www.partypass.de\/index.php?rest_route=%2Fwp%2Fv2%2Fcomments&post=57"}],"version-history":[{"count":4,"href":"https:\/\/www.partypass.de\/index.php?rest_route=\/wp\/v2\/pages\/57\/revisions"}],"predecessor-version":[{"id":461,"href":"https:\/\/www.partypass.de\/index.php?rest_route=\/wp\/v2\/pages\/57\/revisions\/461"}],"wp:attachment":[{"href":"https:\/\/www.partypass.de\/index.php?rest_route=%2Fwp%2Fv2%2Fmedia&parent=57"}],"curies":[{"name":"wp","href":"https:\/\/api.w.org\/{rel}","templated":true}]}}